{"id":1239,"date":"2012-07-26T15:04:05","date_gmt":"2012-07-26T14:04:05","guid":{"rendered":"http:\/\/www.beautysecrets.cz\/?page_id=1239"},"modified":"2014-10-13T09:45:13","modified_gmt":"2014-10-13T08:45:13","slug":"microdermabrasion","status":"publish","type":"page","link":"https:\/\/www.beautysecrets.cz\/cs\/microdermabrasion\/","title":{"rendered":"microdermabrasion"},"content":{"rendered":"<h2 style=\"text-align: center;\"><em><strong>Diamantov\u00e1 Mikrodermabraze<\/strong><\/em><\/h2>\n<p><em>viz tak\u00e9: <a title=\"Skin Secrets\" href=\"http:\/\/www.beautysecrets.cz\/cs\/skin-secrets\/\">Tajemstv\u00ed Pleti<\/a>, <a href=\"http:\/\/www.beautysecrets.cz\/cs\/mario-badescu-facial\/\">O\u0161et\u0159en\u00ed Mario Badescu<\/a><\/em><br \/>\n<em>Toto o\u0161et\u0159en\u00ed lze kombinovat i s o\u0161et\u0159en\u00ed pleti, viz \"ceny\" na pravo<\/em><\/p>\n<div id=\"shell\">\n<div id=\"left col\" style=\"float: left;\"><img loading=\"lazy\" class=\"alignleft size-full wp-image-1002\" style=\"float: left; margin-top: 0px;\" title=\"CindyCrawford\" src=\"http:\/\/www.beautysecrets.cz\/wp-content\/uploads\/CindyCrawford-sm.jpg\" alt=\"Cindy Crawford\" width=\"207\" height=\"297\" \/><\/div>\n<p>- Diamantov\u00e1 mikrodermabraze je mechanick\u00e1, neinvazivn\u00ed metoda, p\u0159i kter\u00e9 se pou\u017e\u00edvaj\u00ed diamantov\u00e9 n\u00e1stavce s kter\u00fdmi se mechanicky obrous\u00ed svrchn\u00ed vrtsva odum\u0159el\u00e9 poko\u017eky - Epidermis (mechanick\u00fd peeling)<\/p>\n<p>-Mikrodermabraze podporuje vytvo\u0159en\u00ed nov\u00fdch bun\u011bk s vy\u0161\u0161\u00ed \u00farovn\u00ed kolagenu a elastinu. Z\u00e1rove\u0148 se vytvo\u0159\u00ed mlad\u0161\u00ed a zdrav\u011bj\u0161\u00ed poko\u017eka. Velice \u010dasto se mikrodermabraze pou\u017e\u00edv\u00e1 na vyhlazen\u00ed jizvi\u010dek po akn\u00e9. P\u016fsoben\u00edm vakua se zlep\u0161uje a stymuluje krevn\u00ed ob\u011bh.<\/p>\n<p>- redukce jemn\u00fdch vr\u00e1sek, pigmentov\u00fdch skvrn, odstran\u011bn\u00ed jizvi\u010dek po akn\u00e9<br \/>\nI po jedinn\u00e9m o\u0161et\u0159en\u00ed jsou viditeln\u00e9 zm\u011bny. Ple\u0165 je sv\u011btlej\u0161\u00ed,zdrav\u011bj\u0161\u00ed a celkov\u00fd vzhled je omlazen\u00fd.Po\u010det o\u0161et\u0159en\u00ed je u ka\u017ed\u00e9ho typu pleti individu\u00e1ln\u00ed. Doporu\u010duje se nejl\u00e9pe 3-6 o\u0161et\u0159en\u00ed v intervalu 7-10 dn\u00ed. Pot\u00e9 sta\u010d\u00ed opakovat 1x za m\u011bs\u00edc. D\u016fle\u017eit\u00e9 je d\u00e1le chr\u00e1nit va\u0161i ple\u0165 proti UV z\u00e1\u0159en\u00ed.<\/p>\n<p>&nbsp;<\/p>\n<p>&nbsp;<\/p>\n<p>&nbsp;<\/p>\n<p><strong>Kontraindikace:<\/strong><\/p>\n<p>sp\u00e1len\u00e1 ple\u0165 slune\u010dn\u00edm z\u00e1\u0159en\u00edm<\/p>\n<p>herpes,bradavice<\/p>\n<p>aktivn\u00ed akn\u00e9<\/p>\n<p>aktivn\u00ed r\u016f\u017eovka<\/p>\n<p>cukrovka<\/p>\n<p>t\u011bhotenstv\u00ed<\/p>\n<p>chemick\u00fd peeling<\/p>\n<p>r\u016fzn\u00e9 chirurgick\u00e9 z\u00e1kroky(m\u00e9n\u011b ne\u017e 12 m\u011bs\u00edc\u016f)<\/p>\n<\/div>\n","protected":false},"excerpt":{"rendered":"<p>Diamantov\u00e1 Mikrodermabraze viz tak\u00e9: Tajemstv\u00ed Pleti, O\u0161et\u0159en\u00ed Mario Badescu Toto o\u0161et\u0159en\u00ed lze kombinovat i s o\u0161et\u0159en\u00ed pleti, viz &#8222;ceny&#8220; na pravo &#8211; Diamantov\u00e1 mikrodermabraze je mechanick\u00e1, neinvazivn\u00ed metoda, p\u0159i kter\u00e9 se pou\u017e\u00edvaj\u00ed diamantov\u00e9 n\u00e1stavce s kter\u00fdmi se mechanicky obrous\u00ed svrchn\u00ed vrtsva odum\u0159el\u00e9 poko\u017eky &#8211; Epidermis (mechanick\u00fd peeling) -Mikrodermabraze podporuje vytvo\u0159en\u00ed nov\u00fdch bun\u011bk s vy\u0161\u0161\u00ed \u00farovn\u00ed [&hellip;]<\/p>\n","protected":false},"author":13,"featured_media":0,"parent":0,"menu_order":0,"comment_status":"closed","ping_status":"closed","template":"","meta":[],"_links":{"self":[{"href":"https:\/\/www.beautysecrets.cz\/cs\/wp-json\/wp\/v2\/pages\/1239"}],"collection":[{"href":"https:\/\/www.beautysecrets.cz\/cs\/wp-json\/wp\/v2\/pages"}],"about":[{"href":"https:\/\/www.beautysecrets.cz\/cs\/wp-json\/wp\/v2\/types\/page"}],"author":[{"embeddable":true,"href":"https:\/\/www.beautysecrets.cz\/cs\/wp-json\/wp\/v2\/users\/13"}],"replies":[{"embeddable":true,"href":"https:\/\/www.beautysecrets.cz\/cs\/wp-json\/wp\/v2\/comments?post=1239"}],"version-history":[{"count":0,"href":"https:\/\/www.beautysecrets.cz\/cs\/wp-json\/wp\/v2\/pages\/1239\/revisions"}],"wp:attachment":[{"href":"https:\/\/www.beautysecrets.cz\/cs\/wp-json\/wp\/v2\/media?parent=1239"}],"curies":[{"name":"wp","href":"https:\/\/api.w.org\/{rel}","templated":true}]}}