{"id":2497,"date":"2013-09-24T15:27:17","date_gmt":"2013-09-24T14:27:17","guid":{"rendered":"http:\/\/www.beautysecrets.cz\/?page_id=2497"},"modified":"2014-06-07T11:48:56","modified_gmt":"2014-06-07T10:48:56","slug":"akne","status":"publish","type":"page","link":"https:\/\/www.beautysecrets.cz\/cs\/mario-badescu-facial\/akne\/","title":{"rendered":"Akn\u00e9"},"content":{"rendered":"<h1>Akn\u00e9 <img loading=\"lazy\" class=\"alignright size-full wp-image-726\" alt=\"Mario Badescu Logo\" src=\"http:\/\/www.beautysecrets.cz\/wp-content\/uploads\/mbadesculogo.jpg\" width=\"194\" height=\"98\" \/><\/h1>\n<p><strong>viz tak\u00e9: \u00a0<a title=\"Zbavte Se Akn\u00e9\" href=\"http:\/\/www.beautysecrets.cz\/cs\/mario-badescu-facial\/akne\/zbavte-se-akne\/\">Jak na Akn\u00e9<\/a>, \u00a0<a href=\"http:\/\/www.mariobadescu.com\/Acne-Success-Stories\" target=\"_blank\">\u00fasp\u011bch s akn\u00e9<\/a><\/strong><\/p>\n<p>Tato webov\u00e1 str\u00e1nka je souhrnem webu <a href=\"http:\/\/www.mariobadescu.com\/Acne-Treatment\" target=\"_blank\">Mario Badescu Akne Centrum<\/a><br \/>\nZna\u010dka Mario Badescu je zn\u00e1m\u00e1 t\u00edm, \u017ee ji pou\u017e\u00edv\u00e1 mnoho celebrit. Jak jsou produkty Mario Badescu \u00fa\u010dinn\u00e9 v\u0161ak mo\u017en\u00e1 nejl\u00e9pe pozn\u00e1me d\u00edky jejich \u00fasp\u011b\u0161n\u00e9mu boji s akn\u00e9 a kontrole t\u00e9to nemoci.<\/p>\n<h1>Co je akn\u00e9?<\/h1>\n<p>Akn\u00e9 (neboli acne vulgaris) je b\u011b\u017en\u00e1 ko\u017en\u00ed nemoc, kter\u00e1 se vyskytuje na mnoha \u010d\u00e1stech t\u011bla a m\u016f\u017ee vzniknout v\u00a0jak\u00e9mkoli v\u011bku. Kv\u016fli vysok\u00e9 hustot\u011b mazov\u00fdch v\u00e1\u010dk\u016f se akn\u00e9 \u010dasto vyskytuje na tv\u00e1\u0159i, krku a z\u00e1dech, ale m\u016f\u017ee se objevit i na nadlokt\u00ed, k\u016f\u017ei na temeni nebo na ramenou.<\/p>\n<p>Pro akn\u00e9 jsou charakteristick\u00e9 plochy zarudl\u00e9 k\u016f\u017ee (seborea), v\u00fdskyt \u010dern\u00fdch a b\u00edl\u00fdch te\u010dek (komedon\u016f), pup\u00ednk\u016f a dokonce jizev.<\/p>\n<p>I kdy\u017e je tvorba akn\u00e9 b\u011b\u017en\u00e1 v\u00a0pubert\u011b, m\u016f\u017ee se objevit v\u00a0jak\u00e9mkoli v\u011bku \u2013 u v\u011bt\u0161iny lid\u00ed akn\u00e9 miz\u00ed do v\u011bku 25 let. Je dobr\u00e9 v\u011bd\u011bt, \u017ee d\u00edky spr\u00e1vn\u00e9mu o\u0161et\u0159ov\u00e1n\u00ed a dobr\u00e9 pravideln\u00e9 p\u00e9\u010di o poko\u017eku mu lze p\u0159edch\u00e1zet a kontrolovat jej.<\/p>\n<p>Akn\u00e9 vznik\u00e1, kdy\u017e se ko\u017en\u00ed p\u00f3ry ucpou mazem, mrtv\u00fdmi ko\u017en\u00edmi bu\u0148kami a bakteriemi. Skvrn\u00e1m akn\u00e9 se obecn\u011b \u0159\u00edk\u00e1 pup\u00ednky. Nadm\u011brn\u00e1 sekrece mazov\u00fdch \u017el\u00e1z se spojuje s\u00a0p\u0159irozen\u011b se vyskytuj\u00edc\u00edmi bakteriemi a mrtv\u00fdmi ko\u017en\u00edmi bu\u0148kami a blokuj\u00ed folikuly (v\u00e1\u010dky, z\u00a0nich\u017e vyr\u016fstaj\u00ed vlasy \u010di chlupy). Vym\u011b\u0161ovan\u00fd ko\u017en\u00ed tuk se hromad\u00ed pod ucpan\u00fdmi p\u00f3ry a poskytuje tak ko\u017en\u00edm bakteri\u00edm p\u0159\u00edhodn\u00e9 prost\u0159ed\u00ed k tvorb\u011b pup\u00ednk\u016f.<\/p>\n<h1>Typy akn\u00e9<\/h1>\n<p>Nejb\u011b\u017en\u011bj\u0161\u00ed formou akn\u00e9 je acne vulgaris, kter\u00e9 se vyskytuje ve t\u0159ech podob\u00e1ch:<\/p>\n<ul>\n<li>nez\u00e1n\u011btliv\u00e9 akn\u00e9\n<ul>\n<li>velmi m\u00edrn\u00e9 acne vulgaris<\/li>\n<li>zahrnuje v\u00fdskyt b\u00edl\u00fdch a \u010dern\u00fdch te\u010dek<\/li>\n<\/ul>\n<\/li>\n<li>z\u00e1n\u011btliv\u00e9 akn\u00e9\n<ul>\n<li>m\u00edrn\u00e1 forma acne vulgaris<\/li>\n<li>zahrnuje vznik papul\u00ed, pustul\u00ed a makul\u00ed<\/li>\n<\/ul>\n<\/li>\n<li>cystick\u00e9 akn\u00e9 <img loading=\"lazy\" class=\"size-full wp-image-2452 alignright\" alt=\"cystic acne\" src=\"http:\/\/www.beautysecrets.cz\/wp-content\/uploads\/cystic-acne.jpg\" width=\"168\" height=\"167\" srcset=\"https:\/\/www.beautysecrets.cz\/wp-content\/uploads\/cystic-acne.jpg 168w, https:\/\/www.beautysecrets.cz\/wp-content\/uploads\/cystic-acne-150x150.jpg 150w, https:\/\/www.beautysecrets.cz\/wp-content\/uploads\/cystic-acne-90x90.jpg 90w\" sizes=\"(max-width: 168px) 100vw, 168px\" \/>\n<ul>\n<li>t\u011b\u017ek\u00e1 forma acne vulgaris<\/li>\n<li>zahrnuje vznik cyst a zdu\u0159el\u00fdch uzlinek<\/li>\n<li>\u010dasto vede k\u00a0hlubok\u00fdm jizv\u00e1m po akn\u00e9<\/li>\n<\/ul>\n<\/li>\n<\/ul>\n<p>&nbsp;<\/p>\n<p>&nbsp;<\/p>\n<h1>P\u0159\u00ed\u010diny akn\u00e9<\/h1>\n<p>P\u0159esn\u00e9 p\u0159\u00ed\u010diny akn\u00e9 zcela nezn\u00e1me, ale obecn\u011b se p\u0159edpokl\u00e1d\u00e1, \u017ee k probl\u00e9mu p\u0159isp\u00edvaj\u00ed n\u011bkter\u00e9 z n\u00ed\u017ee uveden\u00fdch faktor\u016f.<\/p>\n<p><strong>Hormony<br \/>\n<\/strong>Jedn\u00e1 se o hormon\u00e1ln\u00ed zm\u011bny b\u011bhem puberty, t\u011bhotenstv\u00ed a menopauzy.<\/p>\n<p><strong>Rodinn\u00e1 anamn\u00e9za a genetika<br \/>\n<\/strong>Je nepopiratelnou skute\u010dnost\u00ed, \u017ee k akn\u00e9 vedou i rodinn\u00e9 sklony.<\/p>\n<p><strong>Stres<\/strong><br \/>\nStres m\u016f\u017ee vyvolat zv\u00fd\u0161en\u00e9 vym\u011b\u0161ov\u00e1n\u00ed hormon\u016f z nadledvinkov\u00fdch \u017el\u00e1z, co\u017e m\u016f\u017ee v\u00e9st ke tvorb\u011b akn\u00e9.<\/p>\n<p><strong>Zdravotn\u00ed probl\u00e9my<\/strong><br \/>\nExistuje \u0161irok\u00e1 \u0161k\u00e1la zdravotn\u00edch probl\u00e9m\u016f, kter\u00e9 podporuj\u00ed vznik akn\u00e9: zan\u00edcen\u00ed, podr\u00e1\u017ed\u011bn\u00ed a \u0161kr\u00e1b\u00e1n\u00ed k\u016f\u017ee, hyperaktivn\u00ed mazov\u00e9 \u017el\u00e1zy, hromad\u011bn\u00ed mrtv\u00fdch ko\u017en\u00edch bun\u011bk, kter\u00e9 blokuj\u00ed p\u00f3ry a zp\u016fsobuj\u00ed hromad\u011bn\u00ed ko\u017en\u00edho mazu a bakteri\u00ed v p\u00f3rech.<\/p>\n<p><strong>Strava\u00a0<\/strong><br \/>\nJak vypl\u00fdv\u00e1 z\u00a0mnoha proveden\u00fdch studi\u00ed, neexistuj\u00ed nezvratn\u00e9 d\u016fkazy, \u017ee strava a akn\u00e9 spolu souvisej\u00ed. Je zde v\u0161ak domn\u011bnka, \u017ee j\u00eddlo s\u00a0vysok\u00fdm glykemick\u00fdm indexem (bohat\u00e9 na cukry) m\u00e1 na akn\u00e9 negativn\u00ed dopad. Podle jin\u00fdch n\u00e1zor\u016f maj\u00ed negativn\u00ed dopad ml\u00e9\u010dn\u00e9 produkty \u2013 i kdy\u017e je\u0161t\u011b nebyl vynesen jasn\u00fd verdikt, podle jedn\u00e9 z hypot\u00e9z za probl\u00e9m \u010d\u00e1ste\u010dn\u011b mohou hormony pod\u00e1van\u00e9 krav\u00e1m. Zkuste vynechat ml\u00e9\u010dn\u00e9 v\u00fdrobky a zjist\u00edte, zda V\u00e1m to pomohlo \u2013 mus\u00edte si v\u0161ak naj\u00edt jin\u00fd zdroj v\u00e1pn\u00edku, jako jsou mandle, o\u0159echy, \u0161pen\u00e1t \u010di kapusta.<\/p>\n<p>V\u00fdzkum ukazuje, \u017ee potraviny bohat\u00e9 na tuky zp\u016fsobuj\u00ed stimulaci tvorby hormon\u016f. Tuto zv\u00fd\u0161enou tvorbu hormon\u016f lze zpomalit konzumac\u00ed stravy skl\u00e1daj\u00edc\u00ed se z\u00a0nezpracovan\u00fdch, \u201e\u010dist\u00fdch\u201c potravin, jako je libov\u00e9 maso, ovoce, zelenina, o\u0159echy a cel\u00e1 zrna \u2013 vyrovnan\u00e1 strava, kter\u00e1 neobsahuje p\u0159\u00edli\u0161 mnoho cukr\u016f a tuk\u016f, bude pro va\u0161i ple\u0165 to nejlep\u0161\u00ed!<\/p>\n<h1>B\u011b\u017en\u00e9 chyby u pleti s akn\u00e9<\/h1>\n<p><strong>Opalov\u00e1n\u00ed<\/strong><br \/>\nPo pobytu na slunci akn\u00e9 rychle nezmiz\u00ed a opalov\u00e1n\u00ed jako takov\u00e9 nen\u00ed \u0159e\u0161en\u00edm l\u00e9\u010dby akn\u00e9, ale je naopak \u0161kodliv\u00e9 pro zdrav\u00ed poko\u017eky i cel\u00e9ho t\u011bla. Po aplikaci p\u0159\u00edpravk\u016f proti akn\u00e9 se poko\u017eka st\u00e1v\u00e1 je\u0161t\u011b mnohem citliv\u011bj\u0161\u00ed na p\u016fsoben\u00ed slunce, tak\u017ee je nutn\u00e9 pou\u017e\u00edvat kr\u00e9m s\u00a0vysok\u00fdm faktorem na ochranu citliv\u00e9 poko\u017eky.<\/p>\n<p><strong>Ma\u010dk\u00e1n\u00ed pup\u00ednk\u016f<\/strong><br \/>\nHroz\u00ed zde riziko, \u017ee probl\u00e9m jen zhor\u0161\u00edte z d\u016fvodu zanesen\u00ed \u0161p\u00edny do p\u00f3r\u016f, \u010d\u00edm\u017e se akn\u00e9 jen roz\u0161\u00ed\u0159\u00ed a m\u016f\u017ee vytvo\u0159it trval\u00e9 jizvy.<\/p>\n<p><strong>Odstra\u0148ov\u00e1n\u00ed peelingem<\/strong><br \/>\nPravideln\u00e1 exfoliace je nutn\u00e1 pro prevenci zanesen\u00ed p\u00f3r\u016f mrtv\u00fdmi ko\u017en\u00edmi bu\u0148kami a naopak br\u00e1n\u00ed tvorb\u011b pup\u00ednk\u016f. Nicm\u00e9n\u011b prov\u00e1d\u011bt peeling na pleti poset\u00e9 pup\u00ednky je vysloven\u011b ne\u017e\u00e1douc\u00ed. Zrnka v exfolia\u010dn\u00edch v\u00fdrobc\u00edch mohou vym\u00e1\u010dknout mal\u00e9 pup\u00ednky a roz\u0161\u00ed\u0159it z nich bakterie po cel\u00e9 tv\u00e1\u0159i. Stimulov\u00e1n\u00ed mastn\u00e9 pleti m\u016f\u017ee tak\u00e9 zp\u016fsobit, \u017ee mazov\u00e9 \u017el\u00e1zy zv\u00fd\u0161\u00ed svou \u010dinnost.<\/p>\n<p><strong>Nadm\u011brn\u00e9 myt\u00ed tv\u00e1\u0159e<\/strong><br \/>\nAkn\u00e9 nen\u00ed ko\u017en\u00ed nemoc zp\u016fsoben\u00e1 \u0161patnou hygienou. Nadm\u011brn\u00e9 \u010di\u0161t\u011bn\u00ed siln\u00fdmi \u010distic\u00edmi p\u0159\u00edpravky m\u016f\u017ee stimulovat mazov\u00e9 \u017el\u00e1zy a zap\u0159\u00ed\u010dinit siln\u011bj\u0161\u00ed ucp\u00e1n\u00ed p\u00f3r\u016f a v\u011bt\u0161\u00ed v\u00fdskyt pup\u00ednk\u016f a z\u00e1rove\u0148 vysu\u0161en\u00ed a podr\u00e1\u017ed\u011bn\u00ed pleti.<\/p>\n<p><strong>Pou\u017e\u00edv\u00e1n\u00ed p\u0159\u00edli\u0161 hork\u00e9 vody na \u010di\u0161t\u011bn\u00ed a om\u00fdv\u00e1n\u00ed<\/strong><br \/>\nHork\u00e1 voda m\u016f\u017ee po\u0161kodit jemn\u00e9 kapil\u00e1ry poko\u017eky a zp\u016fsobit zarudl\u00fd, flekat\u00fd vzhled a z\u00e1rove\u0148 stimulaci a zv\u00fd\u0161enou \u010dinnost mazov\u00fdch \u017el\u00e1z. Vla\u017en\u00e1 voda je pro \u0159\u00e1dn\u00e9 omyt\u00ed v\u017edy nejlep\u0161\u00ed.<\/p>\n<p><strong>Vynech\u00e1v\u00e1n\u00ed hydrata\u010dn\u00edch p\u0159\u00edpravk\u016f<\/strong><br \/>\nVe\u0161ker\u00e1 ple\u0165 vy\u017eaduje hydrataci, nebo\u0165 p\u0159\u00edpravky proti akn\u00e9 k\u016f\u017ei \u010dasto dehydratuj\u00ed. Nejlep\u0161\u00edm v\u00fdb\u011brem pro ple\u0165 n\u00e1chylnou k\u00a0akn\u00e9 je nemastn\u00fd hydrata\u010dn\u00ed p\u0159\u00edpravek s\u00a0ochrann\u00fdm kr\u00e9mem proti slunci.<\/p>\n<h1>Jak se zbavit akn\u00e9<\/h1>\n<p>Toto je specialita Mario Badesca - pro nejlep\u0161\u00ed p\u0159\u00edvravky proti akn\u00e9<a title=\"Zbavte Se Akn\u00e9\" href=\"http:\/\/www.beautysecrets.cz\/cs\/mario-badescu-facial\/akne\/zbavte-se-akne\/\"> klikn\u02c7ete zde<\/a><\/p>\n","protected":false},"excerpt":{"rendered":"<p>Akn\u00e9 viz tak\u00e9: \u00a0Jak na Akn\u00e9, \u00a0\u00fasp\u011bch s akn\u00e9 Tato webov\u00e1 str\u00e1nka je souhrnem webu Mario Badescu Akne Centrum Zna\u010dka Mario Badescu je zn\u00e1m\u00e1 t\u00edm, \u017ee ji pou\u017e\u00edv\u00e1 mnoho celebrit. Jak jsou produkty Mario Badescu \u00fa\u010dinn\u00e9 v\u0161ak mo\u017en\u00e1 nejl\u00e9pe pozn\u00e1me d\u00edky jejich \u00fasp\u011b\u0161n\u00e9mu boji s akn\u00e9 a kontrole t\u00e9to nemoci. Co je akn\u00e9? Akn\u00e9 (neboli [&hellip;]<\/p>\n","protected":false},"author":13,"featured_media":0,"parent":898,"menu_order":0,"comment_status":"closed","ping_status":"closed","template":"","meta":[],"_links":{"self":[{"href":"https:\/\/www.beautysecrets.cz\/cs\/wp-json\/wp\/v2\/pages\/2497"}],"collection":[{"href":"https:\/\/www.beautysecrets.cz\/cs\/wp-json\/wp\/v2\/pages"}],"about":[{"href":"https:\/\/www.beautysecrets.cz\/cs\/wp-json\/wp\/v2\/types\/page"}],"author":[{"embeddable":true,"href":"https:\/\/www.beautysecrets.cz\/cs\/wp-json\/wp\/v2\/users\/13"}],"replies":[{"embeddable":true,"href":"https:\/\/www.beautysecrets.cz\/cs\/wp-json\/wp\/v2\/comments?post=2497"}],"version-history":[{"count":0,"href":"https:\/\/www.beautysecrets.cz\/cs\/wp-json\/wp\/v2\/pages\/2497\/revisions"}],"up":[{"embeddable":true,"href":"https:\/\/www.beautysecrets.cz\/cs\/wp-json\/wp\/v2\/pages\/898"}],"wp:attachment":[{"href":"https:\/\/www.beautysecrets.cz\/cs\/wp-json\/wp\/v2\/media?parent=2497"}],"curies":[{"name":"wp","href":"https:\/\/api.w.org\/{rel}","templated":true}]}}