{"id":488,"date":"2011-12-16T16:57:40","date_gmt":"2011-12-16T14:57:40","guid":{"rendered":"http:\/\/www.beautysecrets.cz\/?page_id=488"},"modified":"2017-09-13T17:08:37","modified_gmt":"2017-09-13T16:08:37","slug":"depilace-brazilska-praha","status":"publish","type":"page","link":"https:\/\/www.beautysecrets.cz\/cs\/depilace-brazilska-praha\/","title":{"rendered":"Depilace"},"content":{"rendered":"<h1>Depilace cel\u00e9ho t\u011bla, Brazilsk\u00e1 depilace<\/h1>\n<p>viz tak\u00e9: <a href=\"http:\/\/www.omlazeni.cz\/wiki\/brazilska-depilace.html\" target=\"_blank\" rel=\"noopener\">O Brazilsk\u00e9 Depilaci<\/a><\/p>\n<p>Rodil\u00e1 brazilka Selma Diniz p\u0159ivezla do Prahy naprosto stejn\u00e9 metody a techniky, jak\u00e9 se pou\u017e\u00edvaj\u00ed v Braz\u00edlii. To znamen\u00e1, \u017ee voskov\u00e1n\u00ed je vysoce efektivn\u00ed, zabere jen minimum \u010dasu, odstran\u00ed bezbolestn\u011b v\u0161echny chloupky a to v\u0161e za rozumnou cenu.<br \/>\nP\u0159ij\u010fte n\u00e1s nav\u0161t\u00edvit do jedine\u010dn\u00e9ho profesion\u00e1ln\u00edho kosmetick\u00e9ho sal\u00f3nu v Praze.<\/p>\n<h2>Hygiena<\/h2>\n<p><img loading=\"lazy\" class=\"size-thumbnail wp-image-709 alignleft\" style=\"float: left;\" src=\"http:\/\/www.beautysecrets.cz\/wp-content\/uploads\/girl-arms-streched-150x150.jpg\" alt=\"Brazilsk\u00e1 depilace\" width=\"150\" height=\"150\" \/><br \/>\nHygiena je velmi d\u016fle\u017eit\u00e1 jak pro n\u00e1s, tak pro V\u00e1s. Pou\u017e\u00edv\u00e1me jednor\u00e1zov\u00e9 rukavice, jednor\u00e1zov\u00e9 \u0161pachtle na vosk nebo cukrovou pastou.<br \/>\nVa\u0161e ple\u0165 je p\u0159ed voskov\u00e1n\u00edm dezinfikov\u00e1na. Ujist\u011bte se pros\u00edm, \u017ee jste dokonale umyti, obvl\u00e1\u0161t\u011b jdete-li na brazilskou epilaci. M\u00e1te k dispozici hygienick\u00e9 ubrousky, kter\u00e9 m\u016f\u017eete p\u0159ed voskov\u00e1n\u00edm pou\u017e\u00edt.<\/p>\n<h2>Epilace \u010di depilace? Cukrov\u00e1 pasta? Voskov\u00e1n\u00ed?<\/h2>\n<p>V\u0161echny tyto pojmy se pou\u017e\u00edv\u00e1j\u00ed v souvislosti s odstra\u0148ov\u00e1n\u00edm chloupk\u016f.<\/p>\n<p><strong>Epilace<\/strong> je odstra\u0148ov\u00e1n\u00ed chloupk\u016f v\u010detn\u011b ko\u0159\u00ednk\u016f zat\u00edmco <strong>depilace<\/strong> znamen\u00e1 odstra\u0148ov\u00e1n\u00ed viditeln\u00fdch chloupk\u016f, nap\u0159. holen\u00edm.<br \/>\n<strong>Cukrov\u00e1 pasta<\/strong> je lepkav\u00e1 hmota vyroben\u00e1 z cukru a pou\u017e\u00edv\u00e1 se obdobn\u00fdm zp\u016fsobem jako <strong>vosk<\/strong> - tenk\u00e1 vrstva se nanenese \u0161pachtl\u00ed na k\u016f\u017ei a pak je pomoc\u00ed voskovac\u00edho rychl\u00fdm pohybem prou\u017eku odstran\u011bna.<\/p>\n<h2>(D)epilace - Odstra\u0148ov\u00e1n\u00ed chloupk\u016f - pomoc\u00ed vosku<\/h2>\n<p>U t\u00e9to metody je speci\u00e1ln\u00ed n\u00e1dobka s voskem zah\u0159\u00edv\u00e1na a pak pomoc\u00ed rozspra\u0161ova\u010de, um\u00edst\u011bn\u00e9ho v horn\u00ed \u010d\u00e1sti n\u00e1dobky, je tenk\u00e1 vrstva vosku nanesena na k\u016f\u017ei. Pot\u00e9 se p\u0159ilo\u017e\u00ed voskovac\u00ed prou\u017eek a strhne se rychl\u00fdm pohybem proti sm\u011bru r\u016fstu chloupk\u016f. Tuto metodu je vhodn\u00e9 pou\u017e\u00edvat na v\u011bt\u0161\u00ed plochy jako jsou ruce, nohy, hrudn\u00edk \u010di z\u00e1da. Aplikace je velmi rychl\u00e1 a tak minimalizuje m\u00edru nepohodl\u00ed.<\/p>\n<h2>(D)epilace - Ostra\u0148ov\u00e1n\u00ed chloupk\u016f pomoc\u00ed cukrov\u00e9 pasty<\/h2>\n<p>Tato metoda je vhodn\u00e1 p\u0159i odstra\u0148ov\u00e1n\u00ed chloupk\u016f z citliv\u00fdch oblast\u00ed, nap\u0159. podpa\u017e\u00ed \u010di intimn\u00edm parti\u00ed. P\u0159i pou\u017eit\u00ed p\u0159ilne cukrov\u00e1 pasta pouze k chloupk\u016fm a ne ke k\u016f\u017ei, co\u017e \u010din\u00ed cel\u00fd proces jemn\u011bj\u0161\u00edm a proto vhodn\u011bj\u0161\u00edm k epilaci choulostiv\u00fdch parti\u00ed. Jeliko\u017e je cukrov\u00e1 pasta nan\u00e1\u0161ena \u0161pachtl\u00ed, nen\u00ed tato metoda vhodn\u00e1 pro epilaci velk\u00fdch oblast\u00ed, proto\u017ee samotn\u00e9 nan\u00e1\u0161en\u00ed by trvalo p\u0159\u00edli\u0161 dlouho dobu, co\u017e by sn\u00ed\u017eelo celkov\u00fd komfort cel\u00e9 procedury.<br \/>\nCukrov\u00e1 pastu \"BrazilEpil\" si vyr\u00e1b\u00edme sami z \u010dist\u011b p\u0159\u00edrodn\u00edch produkt\u016f jako je cukr a limety.<\/p>\n<h2>Brazilsk\u00e1 (d)epilace<\/h2>\n<p><img loading=\"lazy\" class=\"alignleft size-thumbnail wp-image-710\" style=\"float: left;\" src=\"http:\/\/www.beautysecrets.cz\/wp-content\/uploads\/beach-bum-150x139.jpg\" alt=\"Brazilsk\u00e1 epilace\" width=\"150\" height=\"139\" \/><br \/>\nJste na spr\u00e1vn\u00e9 adrese - brazilsk\u00e1 epilace je jedna z na\u0161ich specialit. Jedn\u00e1 se o odstran\u011bn\u00ed chloupk\u016f z intimn\u00edch parti\u00ed, a\u0165 u\u017e \u00fapln\u00e9 nebo vytvarov\u00e1n\u00ed do prou\u017eku \u010di troj\u00faheln\u00edku - volba je jen na V\u00e1s. P\u0159i odstran\u011bn\u00ed v\u0161ech chloupk\u016f se lze taky setkat s ozna\u010den\u00edm \"Holywoodsk\u00e1 epilace\" nebo \"Brazil Holywood\". Brazilsk\u00e1 epilace je st\u00e1le popul\u00e1rn\u011bj\u0161\u00ed a to nejen u \u017een, ale \u010d\u00edm d\u00e1l v\u00edc i u m\u016f\u017eu. A nen\u00ed to pouze o tom vypadat skv\u011ble na pl\u00e1\u017ei, ale tak\u00e9 o hygien\u011b a pocitu pohodl\u00ed. V na\u0161em sal\u00f3nu aplikujeme ov\u011b\u0159en\u00e9 metody, pou\u017e\u00edvan\u00e9 v Braz\u00edlie rodil\u00fdmi Brazilci. Pro epilaci intimn\u00edch parti\u00ed je kl\u00ed\u010dov\u00e9 pou\u017e\u00edvat cukrovou pastu vyrobenou z p\u0159\u00edrodn\u00edch materi\u00e1l\u016f, a proto si vyr\u00e1b\u00edme pastu vlastn\u00ed.<\/p>\n<p><strong>Pokud m\u00e1te z\u00e1jem o brazilskou depilaci m\u011bjte na pam\u011bti, \u017ee chloupky by m\u011bly m\u00edt minim\u00e1ln\u011b 5 milimetr\u016f (p\u0159ibli\u017en\u011b 9-ti denn\u00ed odr\u016fst) <\/strong><\/p>\n<h2>N\u00e1sledn\u00e1 p\u00e9\u010de o poko\u017eku<\/h2>\n<p>Po skon\u010den\u00ed (d)epilace je velmi d\u016fle\u017eit\u00e9 dr\u017eet se n\u011bkolika jednoduch\u00fdch z\u00e1sad.<\/p>\n<p>B\u011bhem n\u00e1sledn\u00fdch 24 hodin se vyvarovat aktivit, kter\u00e9 vedou k tvorb\u011b potu (v\u010detn\u011b opalov\u00e1n\u00ed). Po epilaci jsou p\u00f3ry otev\u0159eny, co\u017e je \u010din\u00ed n\u00e1chyln\u00fdmi k infekci.<\/p>\n<p>Vyhn\u011bte se no\u0161en\u00ed \u00fapl\u00e9ho oble\u010den\u00ed, ker\u00e9 m\u016f\u017ee zp\u016fsobovat nejen sv\u011bd\u011bn\u00ed k\u016f\u017ee, ale tak\u00e9 zar\u016fst\u00e1n\u00ed chloupk\u016f.<\/p>\n<p>Udr\u017eujte poko\u017eku hydratovanou vhodn\u00fdm kr\u00e9mem<\/p>\n<p>Exfoliace (peeling) n\u011bkolik dn\u016f po epilaci pom\u016f\u017ee s ucpan\u00fdmi p\u00f3ry a zamez\u00ed zar\u016fst\u00e1n\u00ed chlopuk\u016f.<\/p>\n","protected":false},"excerpt":{"rendered":"<p>Pestr\u00e1 nab\u00eddka depilace chloupk\u016f na jedn\u00e9 adrese &#8211; vosk, cukrov\u00e1 pasta, brazilsk\u00e1 depilace &#8211; to v\u0161e v na\u0161em jedine\u010dn\u00e9m pra\u017esk\u00e9m sal\u00f3nu.<\/p>\n","protected":false},"author":13,"featured_media":0,"parent":0,"menu_order":0,"comment_status":"closed","ping_status":"closed","template":"","meta":[],"_links":{"self":[{"href":"https:\/\/www.beautysecrets.cz\/cs\/wp-json\/wp\/v2\/pages\/488"}],"collection":[{"href":"https:\/\/www.beautysecrets.cz\/cs\/wp-json\/wp\/v2\/pages"}],"about":[{"href":"https:\/\/www.beautysecrets.cz\/cs\/wp-json\/wp\/v2\/types\/page"}],"author":[{"embeddable":true,"href":"https:\/\/www.beautysecrets.cz\/cs\/wp-json\/wp\/v2\/users\/13"}],"replies":[{"embeddable":true,"href":"https:\/\/www.beautysecrets.cz\/cs\/wp-json\/wp\/v2\/comments?post=488"}],"version-history":[{"count":1,"href":"https:\/\/www.beautysecrets.cz\/cs\/wp-json\/wp\/v2\/pages\/488\/revisions"}],"predecessor-version":[{"id":9042,"href":"https:\/\/www.beautysecrets.cz\/cs\/wp-json\/wp\/v2\/pages\/488\/revisions\/9042"}],"wp:attachment":[{"href":"https:\/\/www.beautysecrets.cz\/cs\/wp-json\/wp\/v2\/media?parent=488"}],"curies":[{"name":"wp","href":"https:\/\/api.w.org\/{rel}","templated":true}]}}