{"id":564,"date":"2011-12-20T20:01:12","date_gmt":"2011-12-20T18:01:12","guid":{"rendered":"http:\/\/www.beautysecrets.cz\/?page_id=564"},"modified":"2012-03-30T15:55:37","modified_gmt":"2012-03-30T14:55:37","slug":"classical-facial","status":"publish","type":"page","link":"https:\/\/www.beautysecrets.cz\/cs\/classical-facial\/","title":{"rendered":"Classical Facial"},"content":{"rendered":"<h1 style=\"text-align: center;\"><em><strong>Kosmetick\u00e1 p\u00e9\u010de o obli\u010dej -<br \/>\nkl\u00ed\u010dem ke kr\u00e1sn\u00e9mu vzhledu a z\u00e1\u0159iv\u00e9 pleti<\/strong><\/em><\/h1>\n<p>Viz\u00a0tak\u00e9:<br \/>\n<a href=\"http:\/\/www.beautysecrets.cz\/cs\/skin-secrets\/\">Tejemstv\u00ed pleti<\/a><br \/>\n<a href=\"http:\/\/www.beautysecrets.cz\/cs\/mario-badescu-facial\/\">Mario Badescu<\/a><\/p>\n<p>My zde na Beauty Secrets pou\u017e\u00edv\u00e1me tradi\u010dn\u00ed metody:<\/p>\n<p><img loading=\"lazy\" class=\"alignleft size-full wp-image-299\" title=\"http:\/\/www.dreamstime.com\/-image4561230\" src=\"http:\/\/www.beautysecrets.cz\/wp-content\/uploads\/mudmask-sm.jpg\" alt=\"mud mask\" width=\"200\" height=\"298\" \/><br \/>\nd\u016fkladn\u00e9 \u010di\u0161t\u011bn\u00ed, diagnostika pleti, exfoliace, napa\u0159en\u00ed, extrakce, mas\u00e1\u017e, maska, hydratace.<\/p>\n<p>Sn\u017e\u00edme se vylep\u0161it stav pleti a ke ka\u017ed\u00e9mu klientovi se v\u011bnujeme zvl\u00e1\u0161t a s d\u016fkladnou p\u00e9\u010d\u00ed.<\/p>\n<p>M\u00e1me \u0159adu vynikaj\u00edc\u00edch v\u00fdrobk\u016f pro ka\u017ed\u00fd typ pleti.<\/p>\n<p>Proced\u016fra je p\u0159izp\u016fsobena pro v\u00e1\u0161 typ pleti. V podstat\u011b jsou tyto typy pleti:<\/p>\n<p>mlad\u00e1 \/ s nebo bez akn\u00e9, norm\u00e1ln\u00ed a\u017e sm\u00ed\u0161en\u00e1 (T z\u00f3na je mastn\u00e1), such\u00e1 \/ citliv\u00e1, zral\u00e1<\/p>\n<p>&nbsp;<\/p>\n","protected":false},"excerpt":{"rendered":"<p>Kosmetick\u00e1 p\u00e9\u010de o obli\u010dej &#8211; kl\u00ed\u010dem ke kr\u00e1sn\u00e9mu vzhledu a z\u00e1\u0159iv\u00e9 pleti Viz\u00a0tak\u00e9: Tejemstv\u00ed pleti Mario Badescu My zde na Beauty Secrets pou\u017e\u00edv\u00e1me tradi\u010dn\u00ed metody: d\u016fkladn\u00e9 \u010di\u0161t\u011bn\u00ed, diagnostika pleti, exfoliace, napa\u0159en\u00ed, extrakce, mas\u00e1\u017e, maska, hydratace. Sn\u017e\u00edme se vylep\u0161it stav pleti a ke ka\u017ed\u00e9mu klientovi se v\u011bnujeme zvl\u00e1\u0161t a s d\u016fkladnou p\u00e9\u010d\u00ed. M\u00e1me \u0159adu vynikaj\u00edc\u00edch v\u00fdrobk\u016f [&hellip;]<\/p>\n","protected":false},"author":13,"featured_media":0,"parent":0,"menu_order":0,"comment_status":"closed","ping_status":"closed","template":"","meta":[],"_links":{"self":[{"href":"https:\/\/www.beautysecrets.cz\/cs\/wp-json\/wp\/v2\/pages\/564"}],"collection":[{"href":"https:\/\/www.beautysecrets.cz\/cs\/wp-json\/wp\/v2\/pages"}],"about":[{"href":"https:\/\/www.beautysecrets.cz\/cs\/wp-json\/wp\/v2\/types\/page"}],"author":[{"embeddable":true,"href":"https:\/\/www.beautysecrets.cz\/cs\/wp-json\/wp\/v2\/users\/13"}],"replies":[{"embeddable":true,"href":"https:\/\/www.beautysecrets.cz\/cs\/wp-json\/wp\/v2\/comments?post=564"}],"version-history":[{"count":0,"href":"https:\/\/www.beautysecrets.cz\/cs\/wp-json\/wp\/v2\/pages\/564\/revisions"}],"wp:attachment":[{"href":"https:\/\/www.beautysecrets.cz\/cs\/wp-json\/wp\/v2\/media?parent=564"}],"curies":[{"name":"wp","href":"https:\/\/api.w.org\/{rel}","templated":true}]}}