{"id":635,"date":"2011-12-21T21:46:45","date_gmt":"2011-12-21T19:46:45","guid":{"rendered":"http:\/\/www.beautysecrets.cz\/?page_id=635"},"modified":"2023-03-28T16:00:23","modified_gmt":"2023-03-28T15:00:23","slug":"contact-us-3","status":"publish","type":"page","link":"https:\/\/www.beautysecrets.cz\/cs\/contact-us-3\/","title":{"rendered":"Contact us"},"content":{"rendered":"<h1 style=\"text-align: center;\"><em><strong>Kontaktujte n\u00e1s<\/strong><\/em><\/h1>\n<p>S\u00eddl\u00edme v Dejvic\u00edch - Buben\u010di v Praze 6 v bl\u00edzkosti bu\u010f Hrad\u010dansk\u00e1 nebo Dejvick\u00e1 metra na trase A.<\/p>\n<p>Adresa je \u010ceskoslovensk\u00e9 arm\u00e1dy 16, Praha 6<\/p>\n<p>Vypl\u0148te n\u00ed\u017ee uveden\u00fd formul\u00e1\u0159 nebo zavolejte<br \/>\n728 688 489<\/p>\n<p><span style=\"color: #ff0000;\"><strong>Odpov\u00edd\u00e1me na v\u0161echny E-maily. Prosim zkontrolujte si Va\u0161i spam slo\u017eku a zkuste nastavit spamy tak, aby E-maily od <em>BEAUTYSECRETS.CZ<\/em> nebyly mezi spamy filtrov\u00e1ny.<\/strong><\/span><\/p>\n<div role=\"form\" class=\"wpcf7\" id=\"wpcf7-f401-o1\" lang=\"en-US\" dir=\"ltr\">\n<div class=\"screen-reader-response\"><p role=\"status\" aria-live=\"polite\" aria-atomic=\"true\"><\/p> <ul><\/ul><\/div>\n<form action=\"\/cs\/wp-json\/wp\/v2\/pages\/635#wpcf7-f401-o1\" method=\"post\" class=\"wpcf7-form init\" novalidate=\"novalidate\" data-status=\"init\">\n<div style=\"display: none;\">\n<input type=\"hidden\" name=\"_wpcf7\" value=\"401\" \/>\n<input type=\"hidden\" name=\"_wpcf7_version\" value=\"5.4.2\" \/>\n<input type=\"hidden\" name=\"_wpcf7_locale\" value=\"en_US\" \/>\n<input type=\"hidden\" name=\"_wpcf7_unit_tag\" value=\"wpcf7-f401-o1\" \/>\n<input type=\"hidden\" name=\"_wpcf7_container_post\" value=\"0\" \/>\n<input type=\"hidden\" name=\"_wpcf7_posted_data_hash\" value=\"\" \/>\n<\/div>\n<p>Name \/ Jm\u00e9no *<br \/>\n    <span class=\"wpcf7-form-control-wrap your-name\"><input type=\"text\" name=\"your-name\" value=\"\" size=\"40\" class=\"wpcf7-form-control wpcf7-text wpcf7-validates-as-required\" aria-required=\"true\" aria-invalid=\"false\" \/><\/span> <\/p>\n<p> Email *  We need email and mobile so we can contact you, you will also receive a reminder email<br \/>\n    <span class=\"wpcf7-form-control-wrap your-email\"><input type=\"email\" name=\"your-email\" value=\"\" size=\"40\" class=\"wpcf7-form-control wpcf7-text wpcf7-email wpcf7-validates-as-required wpcf7-validates-as-email\" aria-required=\"true\" aria-invalid=\"false\" \/><\/span> <\/p>\n<p>Phone \/ Telefon *<br \/>\n<span class=\"wpcf7-form-control-wrap Phone\"><input type=\"text\" name=\"Phone\" value=\"\" size=\"40\" class=\"wpcf7-form-control wpcf7-text wpcf7-validates-as-required\" aria-required=\"true\" aria-invalid=\"false\" \/><\/span><\/p>\n<p>Subject \/ P\u0159edm\u011bt<br \/>\n    <span class=\"wpcf7-form-control-wrap your-subject\"><input type=\"text\" name=\"your-subject\" value=\"\" size=\"40\" class=\"wpcf7-form-control wpcf7-text\" aria-invalid=\"false\" \/><\/span> <\/p>\n<p>Message \/ Zpr\u00e1va<br \/>\nplease be as specific as possible, what services do you need, what time intervals are you available on which days etc...<br \/>\n    <span class=\"wpcf7-form-control-wrap your-message\"><textarea name=\"your-message\" cols=\"40\" rows=\"10\" class=\"wpcf7-form-control wpcf7-textarea\" aria-invalid=\"false\"><\/textarea><\/span> <\/p>\n<p><span class=\"wpcf7-form-control-wrap kc_captcha\" data-name=\"kc_captcha\"><span class=\"wpcf7-form-control wpcf7-radio\"><span class=\"captcha-image\" ><span class=\"cf7ic_instructions\">To \u017ee jste \u010dlov\u011bk proka\u017ete v\u00fdb\u011brem ikony<span> strom<\/span>.<\/span><label><input aria-label=\"1\" type=\"radio\" name=\"kc_captcha\" value=\"bot\" \/><svg aria-hidden=\"true\" role=\"img\" xmlns=\"http:\/\/www.w3.org\/2000\/svg\" viewBox=\"0 0 576 512\"><path fill=\"currentColor\" d=\"M488 313v143c0 13-11 24-24 24H348c-7 0-12-5-12-12V356c0-7-5-12-12-12h-72c-7 0-12 5-12 12v112c0 7-5 12-12 12H112c-13 0-24-11-24-24V313c0-4 2-7 4-10l188-154c5-4 11-4 16 0l188 154c2 3 4 6 4 10zm84-61l-84-69V44c0-6-5-12-12-12h-56c-7 0-12 6-12 12v73l-89-74a48 48 0 00-61 0L4 252c-5 4-5 12-1 17l25 31c5 5 12 5 17 1l235-193c5-4 11-4 16 0l235 193c5 5 13 4 17-1l25-31c4-6 4-13-1-17z\"\/><\/svg><\/label><label><input aria-label=\"2\" type=\"radio\" name=\"kc_captcha\" value=\"bot\" \/><svg aria-hidden=\"true\" role=\"img\" xmlns=\"http:\/\/www.w3.org\/2000\/svg\" viewBox=\"0 0 512 512\"><path fill=\"currentColor\" d=\"M512 176a176 176 0 01-209 173l-24 27a24 24 0 01-18 8h-37v40c0 13-11 24-24 24h-40v40c0 13-11 24-24 24H24c-13 0-24-11-24-24v-78c0-6 3-13 7-17l162-162a176 176 0 11343-55zm-176-48a48 48 0 1096 0 48 48 0 00-96 0z\"\/><\/svg><\/label><label><input aria-label=\"3\" type=\"radio\" name=\"kc_captcha\" value=\"kc_human\" \/><svg aria-hidden=\"true\" role=\"img\" xmlns=\"http:\/\/www.w3.org\/2000\/svg\" viewBox=\"0 0 384 512\"><path fill=\"currentColor\" d=\"M377 375l-83-87h34c21 0 32-25 17-40l-82-88h33c21 0 32-25 18-40L210 8c-10-11-26-11-36 0L70 120c-14 15-3 40 18 40h33l-82 88c-15 15-4 40 17 40h34L7 375c-15 16-4 41 17 41h120c0 33-11 49-34 68-12 9-5 28 10 28h144c15 0 22-19 10-28-20-16-34-32-34-68h120c21 0 32-25 17-41z\"\/><\/svg><\/label>\r\n    <\/span>\r\n    <span style=\"display:none\">\r\n        <input type=\"text\" name=\"kc_honeypot\">\r\n    <\/span><\/span><\/span> <\/p>\n<p><input type=\"submit\" value=\"Send\" class=\"wpcf7-form-control wpcf7-submit\" \/><\/p>\n<div class=\"wpcf7-response-output\" aria-hidden=\"true\"><\/div><\/form><\/div>\n","protected":false},"excerpt":{"rendered":"<p>Kontaktujte n\u00e1s S\u00eddl\u00edme v Dejvic\u00edch &#8211; Buben\u010di v Praze 6 v bl\u00edzkosti bu\u010f Hrad\u010dansk\u00e1 nebo Dejvick\u00e1 metra na trase A. Adresa je \u010ceskoslovensk\u00e9 arm\u00e1dy 16, Praha 6 Vypl\u0148te n\u00ed\u017ee uveden\u00fd formul\u00e1\u0159 nebo zavolejte 728 688 489 Odpov\u00edd\u00e1me na v\u0161echny E-maily. Prosim zkontrolujte si Va\u0161i spam slo\u017eku a zkuste nastavit spamy tak, aby E-maily od BEAUTYSECRETS.CZ [&hellip;]<\/p>\n","protected":false},"author":13,"featured_media":0,"parent":0,"menu_order":0,"comment_status":"closed","ping_status":"closed","template":"","meta":[],"_links":{"self":[{"href":"https:\/\/www.beautysecrets.cz\/cs\/wp-json\/wp\/v2\/pages\/635"}],"collection":[{"href":"https:\/\/www.beautysecrets.cz\/cs\/wp-json\/wp\/v2\/pages"}],"about":[{"href":"https:\/\/www.beautysecrets.cz\/cs\/wp-json\/wp\/v2\/types\/page"}],"author":[{"embeddable":true,"href":"https:\/\/www.beautysecrets.cz\/cs\/wp-json\/wp\/v2\/users\/13"}],"replies":[{"embeddable":true,"href":"https:\/\/www.beautysecrets.cz\/cs\/wp-json\/wp\/v2\/comments?post=635"}],"version-history":[{"count":7,"href":"https:\/\/www.beautysecrets.cz\/cs\/wp-json\/wp\/v2\/pages\/635\/revisions"}],"predecessor-version":[{"id":9495,"href":"https:\/\/www.beautysecrets.cz\/cs\/wp-json\/wp\/v2\/pages\/635\/revisions\/9495"}],"wp:attachment":[{"href":"https:\/\/www.beautysecrets.cz\/cs\/wp-json\/wp\/v2\/media?parent=635"}],"curies":[{"name":"wp","href":"https:\/\/api.w.org\/{rel}","templated":true}]}}