{"id":8987,"date":"2016-10-31T13:16:56","date_gmt":"2016-10-31T12:16:56","guid":{"rendered":"http:\/\/www.beautysecrets.cz\/?page_id=8987"},"modified":"2024-12-13T16:56:42","modified_gmt":"2024-12-13T15:56:42","slug":"cenik","status":"publish","type":"page","link":"https:\/\/www.beautysecrets.cz\/cs\/cenik\/","title":{"rendered":"cenik"},"content":{"rendered":"<h2>Depilace \/ Epilace<\/h2>\n<p><strong>Pro n\u00ed (K\u010d)*:<\/strong><br \/>\nNohy cel\u00e9: &nbsp; &nbsp; &nbsp; &nbsp; &nbsp; &nbsp; &nbsp; &nbsp; &nbsp; &nbsp; &nbsp; &nbsp;700<br \/>\nBrazilka:&nbsp; &nbsp; &nbsp; &nbsp; &nbsp; &nbsp; &nbsp; &nbsp; &nbsp; &nbsp; &nbsp; &nbsp; &nbsp; &nbsp; 800\/700<br \/>\nT\u0159\u00edsla - Bikini Line: &nbsp; &nbsp; &nbsp; &nbsp; &nbsp; &nbsp;400\/300<br \/>\nRuce cel\u00e9: &nbsp; &nbsp; &nbsp; &nbsp; &nbsp; &nbsp; &nbsp; &nbsp; &nbsp; &nbsp; &nbsp; 300\/200<br \/>\nPodpa\u017e\u00ed: &nbsp; &nbsp; &nbsp; &nbsp; &nbsp; &nbsp; &nbsp; &nbsp; &nbsp; &nbsp; &nbsp; &nbsp; &nbsp; &nbsp;200<br \/>\nhorn\u00ed ret: &nbsp; &nbsp; &nbsp; &nbsp; &nbsp; &nbsp; &nbsp; &nbsp; &nbsp; &nbsp; &nbsp; &nbsp; &nbsp;100<br \/>\nObo\u010d\u00ed: &nbsp; &nbsp; &nbsp; &nbsp; &nbsp; &nbsp; &nbsp; &nbsp; &nbsp; &nbsp; &nbsp; &nbsp; &nbsp; &nbsp; &nbsp; &nbsp;200<br \/>\n<strong>Pro n\u011bho (K\u010d)*:<\/strong><br \/>\nZ\u00e1da cel\u011b: &nbsp; &nbsp; &nbsp; &nbsp; &nbsp; &nbsp; &nbsp; &nbsp; &nbsp; &nbsp; &nbsp; &nbsp;800<br \/>\nZ\u00e1da p\u016fl: &nbsp; &nbsp; &nbsp; &nbsp; &nbsp; &nbsp; &nbsp; &nbsp; &nbsp; &nbsp; &nbsp; &nbsp; 400<br \/>\nHrudn\u00edk + B\u0159icho:&nbsp;&nbsp;&nbsp; &nbsp;&nbsp;&nbsp; &nbsp; 800<br \/>\nBottom + Pubic area \/ Brazil plus : &nbsp; &nbsp; &nbsp; &nbsp; &nbsp;1000<br \/>\nPubic area \/ Brazil: &nbsp; &nbsp; &nbsp; &nbsp; &nbsp; &nbsp; &nbsp; &nbsp; &nbsp; &nbsp; &nbsp; &nbsp; &nbsp;600<\/p>\n<h2>O\u0161etren\u00ed Pleti<\/h2>\n<h3>Mario Badescu European Facial , 75 min, 2000 K\u010d<\/h3>\n<p>O\u0161et\u0159en\u00ed pleti v 8 kroc\u00edch:<br \/>\n1. &nbsp;\u010ci\u0161ten\u00ed &nbsp; 2. Exfoliace &nbsp; 3. Diagnostika pleti &nbsp; 4. &nbsp;Napa\u0159en\u00ed 5. Manueln\u00ed extrakce 6. &nbsp;Mas\u00e1\u017e &nbsp;7. Maska &nbsp;8. Toner &amp; Hydratacn\u00ed kr\u00e9m<\/p>\n<h3>Diamantov\u00e1 MicroDermaBraze, 45 min, 1000 K\u010d<\/h3>\n<p>\u010dist\u011bn\u00ed pleti, Mikrodermabraze, Mas\u00e1\u017e s olejem, Studen\u00e9 kladivo, Maska, Kr\u00e9m proti slunci<\/p>\n<h3>Facial + Diamantov\u00e1 MicroDermaBraze, 2200 K\u010d<\/h3>\n<h3>Vitamin C Facial, 60 min, 1500 K\u010d<\/h3>\n<h2>Manik\u00fara &nbsp; &nbsp; &nbsp;600 K\u010d<\/h2>\n<p>brou\u0161en\u00ed a tvarov\u00e1n\u00ed, le\u0161t\u011bn\u00ed, uprava poko\u017eky, &nbsp;z\u00e1kladn\u00ed n\u00e1t\u011br, &nbsp;hlavn\u00ed n\u00e1t\u011br<br \/>\n<strong>Manik\u00fara + Shellac: &nbsp; &nbsp; &nbsp; &nbsp; &nbsp; &nbsp; &nbsp; &nbsp; &nbsp; &nbsp; 700 K\u010d <\/strong><br \/>\n<strong>Odstranit Shellac: &nbsp; &nbsp; &nbsp; &nbsp; &nbsp; &nbsp; &nbsp; &nbsp; &nbsp; &nbsp; &nbsp; &nbsp; &nbsp;100\/200 K\u010d<\/strong><\/p>\n<h2>Pedik\u00fara &nbsp; &nbsp;700 K\u010d *<\/h2>\n<p>namo\u010d\u011bn\u00ed, brou\u0161en\u00ed a tvarov\u00e1n\u00ed, &nbsp;le\u0161t\u011bn\u00ed, &nbsp;odstran\u011bn\u00ed ztvrdl\u00e9 k\u016f\u017ee, mas\u00e1\u017e s kr\u00e9mem, z\u00e1kladn\u00ed n\u00e1t\u011br, nail hlavn\u00ed n\u00e1t\u011br<br \/>\nShellac&nbsp; 100 K\u010d,&nbsp; odstranit shellac&nbsp; 100\/200 K\u010d<\/p>\n<p>* Cena plat\u00ed pro pravidelnou \u00fadr\u017ebu<\/p>\n<h3>Dal\u0161\u00ed Podologick\u00fd slu\u017eby<\/h3>\n<p>zar\u016fstly nehet apod. o\u0161et\u0159en\u00ed&nbsp; &nbsp; &nbsp; &nbsp; &nbsp; &nbsp; &nbsp; &nbsp; &nbsp; &nbsp; &nbsp;200 K\u010d<br \/>\nO\u0161et\u0159en\u00ed siln\u00fdch neht\u016f&nbsp; &nbsp; &nbsp; &nbsp; &nbsp; &nbsp; &nbsp; &nbsp; &nbsp; &nbsp; &nbsp; &nbsp; &nbsp; &nbsp; &nbsp; &nbsp; 250 K\u010d<br \/>\nO\u0161et\u0159en\u00ed jednoho ku\u0159\u00edho oka&nbsp; &nbsp; &nbsp; &nbsp; &nbsp; &nbsp; &nbsp; &nbsp; &nbsp; &nbsp; &nbsp; &nbsp;150 K\u010d<br \/>\nV\u00fdroba individu\u00e1ln\u00edho korektoru&nbsp; &nbsp; &nbsp; &nbsp; &nbsp; &nbsp; &nbsp; &nbsp; &nbsp; 150 K\u010d<br \/>\nKorekce rovn\u00e1tka na nehtu&nbsp; &nbsp; &nbsp; &nbsp; &nbsp; &nbsp; &nbsp; &nbsp; &nbsp; &nbsp; &nbsp; &nbsp; &nbsp;200 K\u010d<br \/>\nNehtov\u00e9 rovn\u00e1tko ORTOGRIP&nbsp; &nbsp; &nbsp; &nbsp; &nbsp; &nbsp; &nbsp; &nbsp; &nbsp; &nbsp;2500 K\u010d<br \/>\nNehtov\u00e9 rovn\u00e1tko PODOFIX&nbsp; &nbsp; &nbsp; &nbsp; &nbsp; &nbsp; &nbsp; &nbsp; &nbsp; &nbsp; &nbsp;1000 K\u010d<br \/>\nZpracov\u00e1v\u00e1n\u00ed lokaln\u00ed hyperkerat\u00f3zy&nbsp; &nbsp; &nbsp; &nbsp; &nbsp; &nbsp; 100 K\u010d<br \/>\nNehtov\u00e1 protetika&nbsp; &nbsp; &nbsp; &nbsp; &nbsp; &nbsp; &nbsp; &nbsp; &nbsp; &nbsp; &nbsp; &nbsp; &nbsp; &nbsp; &nbsp; &nbsp; &nbsp; &nbsp; &nbsp; &nbsp; &nbsp;250 K\u010d<\/p>\n<h2>Such\u00e1 P\u0159\u00edstrojov\u00e1 zdravotn\u00ed&nbsp; Pedik\u00fara<\/h2>\n<p>dle konzultace pro specifiktn\u00ed p\u0159\u00edpady<\/p>\n","protected":false},"excerpt":{"rendered":"<p>Depilace \/ Epilace Pro n\u00ed (K\u010d)*: Nohy cel\u00e9: &nbsp; &nbsp; &nbsp; &nbsp; &nbsp; &nbsp; &nbsp; &nbsp; &nbsp; &nbsp; &nbsp; &nbsp;700 Brazilka:&nbsp; &nbsp; &nbsp; &nbsp; &nbsp; &nbsp; &nbsp; &nbsp; &nbsp; &nbsp; &nbsp; &nbsp; &nbsp; &nbsp; 800\/700 T\u0159\u00edsla &#8211; Bikini Line: &nbsp; &nbsp; &nbsp; &nbsp; &nbsp; &nbsp;400\/300 Ruce cel\u00e9: &nbsp; &nbsp; &nbsp; &nbsp; &nbsp; &nbsp; &nbsp; &nbsp; [&hellip;]<\/p>\n","protected":false},"author":13,"featured_media":0,"parent":0,"menu_order":0,"comment_status":"closed","ping_status":"closed","template":"","meta":[],"_links":{"self":[{"href":"https:\/\/www.beautysecrets.cz\/cs\/wp-json\/wp\/v2\/pages\/8987"}],"collection":[{"href":"https:\/\/www.beautysecrets.cz\/cs\/wp-json\/wp\/v2\/pages"}],"about":[{"href":"https:\/\/www.beautysecrets.cz\/cs\/wp-json\/wp\/v2\/types\/page"}],"author":[{"embeddable":true,"href":"https:\/\/www.beautysecrets.cz\/cs\/wp-json\/wp\/v2\/users\/13"}],"replies":[{"embeddable":true,"href":"https:\/\/www.beautysecrets.cz\/cs\/wp-json\/wp\/v2\/comments?post=8987"}],"version-history":[{"count":27,"href":"https:\/\/www.beautysecrets.cz\/cs\/wp-json\/wp\/v2\/pages\/8987\/revisions"}],"predecessor-version":[{"id":9541,"href":"https:\/\/www.beautysecrets.cz\/cs\/wp-json\/wp\/v2\/pages\/8987\/revisions\/9541"}],"wp:attachment":[{"href":"https:\/\/www.beautysecrets.cz\/cs\/wp-json\/wp\/v2\/media?parent=8987"}],"curies":[{"name":"wp","href":"https:\/\/api.w.org\/{rel}","templated":true}]}}